{"id":225,"date":"2026-01-19T15:46:53","date_gmt":"2026-01-19T15:46:53","guid":{"rendered":"https:\/\/paediatricbronchiectasis.org\/?page_id=225"},"modified":"2026-02-19T11:45:03","modified_gmt":"2026-02-19T10:45:03","slug":"endorsements","status":"publish","type":"page","link":"https:\/\/paediatricbronchiectasis.org\/?page_id=225","title":{"rendered":"Endorsements"},"content":{"rendered":"\t\t<div data-elementor-type=\"wp-page\" data-elementor-id=\"225\" class=\"elementor elementor-225\" data-elementor-post-type=\"page\">\n\t\t\t\t<div class=\"elementor-element elementor-element-74ec9fb e-flex e-con-boxed e-con e-parent\" data-id=\"74ec9fb\" data-element_type=\"container\" data-settings=\"{&quot;background_background&quot;:&quot;classic&quot;}\">\n\t\t\t\t\t<div class=\"e-con-inner\">\n\t\t<div class=\"elementor-element elementor-element-4f0f6e1 e-con-full e-flex e-con e-child\" data-id=\"4f0f6e1\" data-element_type=\"container\" data-settings=\"{&quot;background_background&quot;:&quot;classic&quot;}\">\n\t\t\t\t<div class=\"elementor-element elementor-element-b0659b1 elementor-widget elementor-widget-heading\" data-id=\"b0659b1\" data-element_type=\"widget\" data-widget_type=\"heading.default\">\n\t\t\t\t<div class=\"elementor-widget-container\">\n\t\t\t\t\t<span class=\"elementor-heading-title elementor-size-default\">Support<\/span>\t\t\t\t<\/div>\n\t\t\t\t<\/div>\n\t\t\t\t<\/div>\n\t\t<div class=\"elementor-element elementor-element-9df1f8c e-con-full e-flex e-con e-child\" data-id=\"9df1f8c\" data-element_type=\"container\" data-settings=\"{&quot;background_background&quot;:&quot;classic&quot;}\">\n\t\t\t\t<div class=\"elementor-element elementor-element-53c4c0f elementor-widget elementor-widget-heading\" data-id=\"53c4c0f\" data-element_type=\"widget\" data-widget_type=\"heading.default\">\n\t\t\t\t<div class=\"elementor-widget-container\">\n\t\t\t\t\t<h1 class=\"elementor-heading-title elementor-size-default\">Endorsements<\/h1>\t\t\t\t<\/div>\n\t\t\t\t<\/div>\n\t\t\t\t<div class=\"elementor-element elementor-element-69818d4 elementor-widget__width-initial elementor-widget-mobile__width-inherit elementor-widget elementor-widget-text-editor\" data-id=\"69818d4\" data-element_type=\"widget\" data-widget_type=\"text-editor.default\">\n\t\t\t\t<div class=\"elementor-widget-container\">\n\t\t\t\t\t\t\t\t\t<header class=\"section bg-dark\"><div class=\"container relative text-center\"><header class=\"section bg-dark\"><div class=\"container relative text-center\"><p class=\"text-lead\">Scientific societies and organizations supporting EWPBC 2026<\/p><\/div><\/header><\/div><\/header>\t\t\t\t\t\t\t\t<\/div>\n\t\t\t\t<\/div>\n\t\t\t\t<\/div>\n\t\t\t\t\t<\/div>\n\t\t\t\t<\/div>\n\t\t<div class=\"elementor-element elementor-element-57d9525 elementor-hidden-desktop elementor-hidden-tablet elementor-hidden-mobile e-flex e-con-boxed e-con e-parent\" data-id=\"57d9525\" data-element_type=\"container\" data-settings=\"{&quot;background_background&quot;:&quot;classic&quot;}\">\n\t\t\t\t\t<div class=\"e-con-inner\">\n\t\t<div class=\"elementor-element elementor-element-1865a2b e-con-full e-flex e-con e-child\" data-id=\"1865a2b\" data-element_type=\"container\" data-settings=\"{&quot;background_background&quot;:&quot;classic&quot;}\">\n\t\t<div class=\"elementor-element elementor-element-ee979d4 e-con-full e-flex e-con e-child\" data-id=\"ee979d4\" data-element_type=\"container\">\n\t\t\t\t<div class=\"elementor-element elementor-element-13e2e5c elementor-view-default elementor-widget elementor-widget-icon\" data-id=\"13e2e5c\" data-element_type=\"widget\" data-widget_type=\"icon.default\">\n\t\t\t\t<div class=\"elementor-widget-container\">\n\t\t\t\t\t\t\t<div class=\"elementor-icon-wrapper\">\n\t\t\t<div class=\"elementor-icon\">\n\t\t\t<svg aria-hidden=\"true\" class=\"e-font-icon-svg e-fas-scroll\" viewBox=\"0 0 640 512\" xmlns=\"http:\/\/www.w3.org\/2000\/svg\"><path d=\"M48 0C21.53 0 0 21.53 0 48v64c0 8.84 7.16 16 16 16h80V48C96 21.53 74.47 0 48 0zm208 412.57V352h288V96c0-52.94-43.06-96-96-96H111.59C121.74 13.41 128 29.92 128 48v368c0 38.87 34.65 69.65 74.75 63.12C234.22 474 256 444.46 256 412.57zM288 384v32c0 52.93-43.06 96-96 96h336c61.86 0 112-50.14 112-112 0-8.84-7.16-16-16-16H288z\"><\/path><\/svg>\t\t\t<\/div>\n\t\t<\/div>\n\t\t\t\t\t\t<\/div>\n\t\t\t\t<\/div>\n\t\t\t\t<div class=\"elementor-element elementor-element-fbfd7c0 elementor-widget elementor-widget-heading\" data-id=\"fbfd7c0\" data-element_type=\"widget\" data-widget_type=\"heading.default\">\n\t\t\t\t<div class=\"elementor-widget-container\">\n\t\t\t\t\t<h2 class=\"elementor-heading-title elementor-size-default\">Coming Soon<\/h2>\t\t\t\t<\/div>\n\t\t\t\t<\/div>\n\t\t\t\t<div class=\"elementor-element elementor-element-b50a24b elementor-widget__width-initial elementor-widget-mobile__width-inherit elementor-widget elementor-widget-heading\" data-id=\"b50a24b\" data-element_type=\"widget\" data-widget_type=\"heading.default\">\n\t\t\t\t<div class=\"elementor-widget-container\">\n\t\t\t\t\t<p class=\"elementor-heading-title elementor-size-default\">We are currently finalising endorsements with key international respiratory societies. Information will be updated here shortly.<\/p>\t\t\t\t<\/div>\n\t\t\t\t<\/div>\n\t\t\t\t<\/div>\n\t\t\t\t<\/div>\n\t\t\t\t\t<\/div>\n\t\t\t\t<\/div>\n\t\t<div class=\"elementor-element elementor-element-6c09c16 e-flex e-con-boxed e-con e-parent\" data-id=\"6c09c16\" data-element_type=\"container\">\n\t\t\t\t\t<div class=\"e-con-inner\">\n\t\t<a class=\"elementor-element elementor-element-fd275e6 e-con-full e-flex e-con e-child\" data-id=\"fd275e6\" data-element_type=\"container\" href=\"http:\/\/beat-pcd.squarespace.com\" target=\"_blank\">\n\t\t<div class=\"elementor-element elementor-element-824ed5a e-con-full e-flex e-con e-child\" data-id=\"824ed5a\" data-element_type=\"container\" data-settings=\"{&quot;background_background&quot;:&quot;classic&quot;}\">\n\t\t\t\t<\/div>\n\t\t<div class=\"elementor-element elementor-element-010ddf1 e-con-full e-flex e-con e-child\" data-id=\"010ddf1\" data-element_type=\"container\">\n\t\t\t\t<div class=\"elementor-element elementor-element-000dd50 elementor-widget elementor-widget-heading\" data-id=\"000dd50\" data-element_type=\"widget\" data-widget_type=\"heading.default\">\n\t\t\t\t<div class=\"elementor-widget-container\">\n\t\t\t\t\t<h3 class=\"elementor-heading-title elementor-size-default\">Beat-PCD<\/h3>\t\t\t\t<\/div>\n\t\t\t\t<\/div>\n\t\t\t\t<\/div>\n\t\t\t\t<\/a>\n\t\t<a class=\"elementor-element elementor-element-14184f6 e-con-full e-flex e-con e-child\" data-id=\"14184f6\" data-element_type=\"container\" href=\"https:\/\/pcdsupport.org.uk\/\" target=\"_blank\">\n\t\t<div class=\"elementor-element elementor-element-84aad92 e-con-full e-flex e-con e-child\" data-id=\"84aad92\" data-element_type=\"container\" data-settings=\"{&quot;background_background&quot;:&quot;classic&quot;}\">\n\t\t\t\t<\/div>\n\t\t<div class=\"elementor-element elementor-element-1996b55 e-con-full e-flex e-con e-child\" data-id=\"1996b55\" data-element_type=\"container\">\n\t\t\t\t<div class=\"elementor-element elementor-element-d38af28 elementor-widget elementor-widget-heading\" data-id=\"d38af28\" data-element_type=\"widget\" data-widget_type=\"heading.default\">\n\t\t\t\t<div class=\"elementor-widget-container\">\n\t\t\t\t\t<h3 class=\"elementor-heading-title elementor-size-default\">PCD Support UK<\/h3>\t\t\t\t<\/div>\n\t\t\t\t<\/div>\n\t\t\t\t<\/div>\n\t\t\t\t<\/a>\n\t\t<a class=\"elementor-element elementor-element-6806010 e-con-full e-flex e-con e-child\" data-id=\"6806010\" data-element_type=\"container\" href=\"https:\/\/www.sipirs.it\/\" target=\"_blank\">\n\t\t<div class=\"elementor-element elementor-element-9b341b5 e-con-full e-flex e-con e-child\" data-id=\"9b341b5\" data-element_type=\"container\" data-settings=\"{&quot;background_background&quot;:&quot;classic&quot;}\">\n\t\t\t\t<\/div>\n\t\t<div class=\"elementor-element elementor-element-12bdba3 e-con-full e-flex e-con e-child\" data-id=\"12bdba3\" data-element_type=\"container\">\n\t\t\t\t<div class=\"elementor-element elementor-element-51456a9 elementor-widget elementor-widget-heading\" data-id=\"51456a9\" data-element_type=\"widget\" data-widget_type=\"heading.default\">\n\t\t\t\t<div class=\"elementor-widget-container\">\n\t\t\t\t\t<h3 class=\"elementor-heading-title elementor-size-default\">Societ\u00e0 Italiana di Pneumologia - SIP IRS<\/h3>\t\t\t\t<\/div>\n\t\t\t\t<\/div>\n\t\t\t\t<\/div>\n\t\t\t\t<\/a>\n\t\t<a class=\"elementor-element elementor-element-2859911 e-con-full e-flex e-con e-child\" data-id=\"2859911\" data-element_type=\"container\" href=\"https:\/\/sip.it\/\" target=\"_blank\">\n\t\t<div class=\"elementor-element elementor-element-0ea3b79 e-con-full e-flex e-con e-child\" data-id=\"0ea3b79\" data-element_type=\"container\" data-settings=\"{&quot;background_background&quot;:&quot;classic&quot;}\">\n\t\t\t\t<\/div>\n\t\t<div class=\"elementor-element elementor-element-857a3e8 e-con-full e-flex e-con e-child\" data-id=\"857a3e8\" data-element_type=\"container\">\n\t\t\t\t<div class=\"elementor-element elementor-element-8bce21d elementor-widget elementor-widget-heading\" data-id=\"8bce21d\" data-element_type=\"widget\" data-widget_type=\"heading.default\">\n\t\t\t\t<div class=\"elementor-widget-container\">\n\t\t\t\t\t<h3 class=\"elementor-heading-title elementor-size-default\">Societ\u00e0 Italiana di Pediatria<\/h3>\t\t\t\t<\/div>\n\t\t\t\t<\/div>\n\t\t\t\t<\/div>\n\t\t\t\t<\/a>\n\t\t<a class=\"elementor-element elementor-element-d966929 e-con-full e-flex e-con e-child\" data-id=\"d966929\" data-element_type=\"container\" href=\"https:\/\/www.simri.it\/\" target=\"_blank\">\n\t\t<div class=\"elementor-element elementor-element-0c4e442 e-con-full e-flex e-con e-child\" data-id=\"0c4e442\" data-element_type=\"container\" data-settings=\"{&quot;background_background&quot;:&quot;classic&quot;}\">\n\t\t\t\t<\/div>\n\t\t<div class=\"elementor-element elementor-element-f885cfe e-con-full e-flex e-con e-child\" data-id=\"f885cfe\" data-element_type=\"container\">\n\t\t\t\t<div class=\"elementor-element elementor-element-6558be8 elementor-widget elementor-widget-heading\" data-id=\"6558be8\" data-element_type=\"widget\" data-widget_type=\"heading.default\">\n\t\t\t\t<div class=\"elementor-widget-container\">\n\t\t\t\t\t<h3 class=\"elementor-heading-title elementor-size-default\">Societ\u00e0 Italiana per le Malattie Respiratorie Infantili<\/h3>\t\t\t\t<\/div>\n\t\t\t\t<\/div>\n\t\t\t\t<\/div>\n\t\t\t\t<\/a>\n\t\t\t\t\t<\/div>\n\t\t\t\t<\/div>\n\t\t\t\t<\/div>\n\t\t <script type=\"text\/javascript\"> if (typeof(f_tFlgVISA) === typeof(Function))  \tf_tFlgVISA(null);  if (typeof(f_tFlgAllergia) === typeof(Function))  \tf_tFlgAllergia(null);  if (typeof(f_IDTipologia) === typeof(Function)) {  \tvar eObjTYPE = document.getElementById(\"id_IDTipologia\");  \tf_IDTipologia(eObjTYPE);  }  if (typeof(f_IDAttivita) === typeof(Function)) {  \tvar etFlgActivity = document.getElementById(\"id_IDAttivita\");  \tf_IDAttivita(etFlgActivity);  }  if (typeof(f_IDNazionalita) === typeof(Function)) {  \tvar etFlgNazionalita = document.getElementById(\"id_IDNazionalita\");  \tf_IDNazionalita(etFlgNazionalita);  }  if (typeof(f_IndFattIDNazione) === typeof(Function))  \tf_IndFattIDNazione(null);  <\/script>","protected":false},"excerpt":{"rendered":"<p>Support Endorsements Scientific societies and organizations supporting EWPBC 2026 Coming Soon We are currently finalising endorsements with key international respiratory societies. Information will be updated here shortly. Beat-PCD PCD Support UK Societ\u00e0 Italiana di Pneumologia &#8211; SIP IRS Societ\u00e0 Italiana di Pediatria Societ\u00e0 Italiana per le Malattie Respiratorie Infantili<\/p>\n","protected":false},"author":1,"featured_media":0,"parent":212,"menu_order":2,"comment_status":"closed","ping_status":"closed","template":"","meta":{"footnotes":""},"class_list":["post-225","page","type-page","status-publish","hentry"],"_links":{"self":[{"href":"https:\/\/paediatricbronchiectasis.org\/index.php?rest_route=\/wp\/v2\/pages\/225","targetHints":{"allow":["GET"]}}],"collection":[{"href":"https:\/\/paediatricbronchiectasis.org\/index.php?rest_route=\/wp\/v2\/pages"}],"about":[{"href":"https:\/\/paediatricbronchiectasis.org\/index.php?rest_route=\/wp\/v2\/types\/page"}],"author":[{"embeddable":true,"href":"https:\/\/paediatricbronchiectasis.org\/index.php?rest_route=\/wp\/v2\/users\/1"}],"replies":[{"embeddable":true,"href":"https:\/\/paediatricbronchiectasis.org\/index.php?rest_route=%2Fwp%2Fv2%2Fcomments&post=225"}],"version-history":[{"count":22,"href":"https:\/\/paediatricbronchiectasis.org\/index.php?rest_route=\/wp\/v2\/pages\/225\/revisions"}],"predecessor-version":[{"id":473,"href":"https:\/\/paediatricbronchiectasis.org\/index.php?rest_route=\/wp\/v2\/pages\/225\/revisions\/473"}],"up":[{"embeddable":true,"href":"https:\/\/paediatricbronchiectasis.org\/index.php?rest_route=\/wp\/v2\/pages\/212"}],"wp:attachment":[{"href":"https:\/\/paediatricbronchiectasis.org\/index.php?rest_route=%2Fwp%2Fv2%2Fmedia&parent=225"}],"curies":[{"name":"wp","href":"https:\/\/api.w.org\/{rel}","templated":true}]}}